{"id":278,"date":"2019-12-08T18:36:34","date_gmt":"2019-12-08T17:36:34","guid":{"rendered":"http:\/\/stadio.ch\/?page_id=278"},"modified":"2025-05-04T00:02:13","modified_gmt":"2025-05-03T22:02:13","slug":"face-b","status":"publish","type":"page","link":"https:\/\/stadio.ch\/index.php\/face-b\/","title":{"rendered":""},"content":{"rendered":"\n<p class=\"has-background has-small-font-size\" style=\"background-color:#fff7f7\">23.04.2017 &#8211; 07.05.2017<\/p>\n\n\n\n<p class=\"has-background has-small-font-size\" style=\"background-color:#fff7f7\">Daniel Ruggiero and guests: Pierre Belo\u00fcin, Alexandre Bianchini, Sonia Bi\u00e9try, J\u00e9r\u00e9my Chevalier, Grandmarquis, Alexandre Joly, Luc Mattenberger, MR, Vlad Nikkila, Fr\u00e9d\u00e9ric Post, Christian Robert-Tissot, Peter Schreuder, Swann Thommen, Nicolas Wagni\u00e8res, Alain Weber, Centre d\u2019\u00e9dition contemporaine Gen\u00e8ve, Glassbox et DAD Digital, Villa Magica Records<\/p>\n\n\n<div class=\"wp-block-image\">\n<figure class=\"alignleft size-large is-resized\"><img loading=\"lazy\" decoding=\"async\" width=\"1024\" height=\"682\" src=\"https:\/\/stadio.ch\/wp-content\/uploads\/2025\/05\/IMG_0053-1-1024x682.jpg\" alt=\"\" class=\"wp-image-582\" style=\"width:1024px\" srcset=\"https:\/\/stadio.ch\/wp-content\/uploads\/2025\/05\/IMG_0053-1-1024x682.jpg 1024w, https:\/\/stadio.ch\/wp-content\/uploads\/2025\/05\/IMG_0053-1-300x200.jpg 300w, https:\/\/stadio.ch\/wp-content\/uploads\/2025\/05\/IMG_0053-1-768x512.jpg 768w, https:\/\/stadio.ch\/wp-content\/uploads\/2025\/05\/IMG_0053-1-1536x1024.jpg 1536w, https:\/\/stadio.ch\/wp-content\/uploads\/2025\/05\/IMG_0053-1-2048x1365.jpg 2048w, https:\/\/stadio.ch\/wp-content\/uploads\/2025\/05\/IMG_0053-1-750x500.jpg 750w\" sizes=\"auto, (max-width: 1024px) 100vw, 1024px\" \/><figcaption class=\"wp-element-caption\"><br><\/figcaption><\/figure>\n<\/div>\n\n<div class=\"wp-block-image\">\n<figure class=\"alignleft size-large is-resized\"><img loading=\"lazy\" decoding=\"async\" width=\"1024\" height=\"682\" src=\"https:\/\/stadio.ch\/wp-content\/uploads\/2025\/05\/IMG_0070-1-1024x682.jpg\" alt=\"\" class=\"wp-image-583\" style=\"width:1024px\" srcset=\"https:\/\/stadio.ch\/wp-content\/uploads\/2025\/05\/IMG_0070-1-1024x682.jpg 1024w, https:\/\/stadio.ch\/wp-content\/uploads\/2025\/05\/IMG_0070-1-300x200.jpg 300w, https:\/\/stadio.ch\/wp-content\/uploads\/2025\/05\/IMG_0070-1-768x512.jpg 768w, https:\/\/stadio.ch\/wp-content\/uploads\/2025\/05\/IMG_0070-1-1536x1024.jpg 1536w, https:\/\/stadio.ch\/wp-content\/uploads\/2025\/05\/IMG_0070-1-2048x1365.jpg 2048w, https:\/\/stadio.ch\/wp-content\/uploads\/2025\/05\/IMG_0070-1-750x500.jpg 750w\" sizes=\"auto, (max-width: 1024px) 100vw, 1024px\" \/><figcaption class=\"wp-element-caption\"><br><\/figcaption><\/figure>\n<\/div>\n\n<div class=\"wp-block-image\">\n<figure class=\"alignleft size-large is-resized\"><img loading=\"lazy\" decoding=\"async\" width=\"1024\" height=\"683\" src=\"https:\/\/stadio.ch\/wp-content\/uploads\/2025\/05\/IMG_0073-1-1024x683.jpg\" alt=\"\" class=\"wp-image-584\" style=\"width:1024px\" srcset=\"https:\/\/stadio.ch\/wp-content\/uploads\/2025\/05\/IMG_0073-1-1024x683.jpg 1024w, https:\/\/stadio.ch\/wp-content\/uploads\/2025\/05\/IMG_0073-1-300x200.jpg 300w, https:\/\/stadio.ch\/wp-content\/uploads\/2025\/05\/IMG_0073-1-768x512.jpg 768w, https:\/\/stadio.ch\/wp-content\/uploads\/2025\/05\/IMG_0073-1-1536x1024.jpg 1536w, https:\/\/stadio.ch\/wp-content\/uploads\/2025\/05\/IMG_0073-1-2048x1365.jpg 2048w, https:\/\/stadio.ch\/wp-content\/uploads\/2025\/05\/IMG_0073-1-750x500.jpg 750w\" sizes=\"auto, (max-width: 1024px) 100vw, 1024px\" \/><figcaption class=\"wp-element-caption\"><br><\/figcaption><\/figure>\n<\/div>\n\n<div class=\"wp-block-image\">\n<figure class=\"alignleft size-large is-resized\"><img loading=\"lazy\" decoding=\"async\" width=\"1024\" height=\"682\" src=\"https:\/\/stadio.ch\/wp-content\/uploads\/2025\/05\/IMG_0076-1-1024x682.jpg\" alt=\"\" class=\"wp-image-585\" style=\"width:1024px\" srcset=\"https:\/\/stadio.ch\/wp-content\/uploads\/2025\/05\/IMG_0076-1-1024x682.jpg 1024w, https:\/\/stadio.ch\/wp-content\/uploads\/2025\/05\/IMG_0076-1-300x200.jpg 300w, https:\/\/stadio.ch\/wp-content\/uploads\/2025\/05\/IMG_0076-1-768x512.jpg 768w, https:\/\/stadio.ch\/wp-content\/uploads\/2025\/05\/IMG_0076-1-1536x1024.jpg 1536w, https:\/\/stadio.ch\/wp-content\/uploads\/2025\/05\/IMG_0076-1-2048x1365.jpg 2048w, https:\/\/stadio.ch\/wp-content\/uploads\/2025\/05\/IMG_0076-1-750x500.jpg 750w\" sizes=\"auto, (max-width: 1024px) 100vw, 1024px\" \/><figcaption class=\"wp-element-caption\"><br><\/figcaption><\/figure>\n<\/div>\n\n<div class=\"wp-block-image\">\n<figure class=\"alignleft size-large is-resized\"><img loading=\"lazy\" decoding=\"async\" width=\"1024\" height=\"683\" src=\"https:\/\/stadio.ch\/wp-content\/uploads\/2025\/05\/IMG_0086-1-1024x683.jpg\" alt=\"\" class=\"wp-image-586\" style=\"width:1024px\" srcset=\"https:\/\/stadio.ch\/wp-content\/uploads\/2025\/05\/IMG_0086-1-1024x683.jpg 1024w, https:\/\/stadio.ch\/wp-content\/uploads\/2025\/05\/IMG_0086-1-300x200.jpg 300w, https:\/\/stadio.ch\/wp-content\/uploads\/2025\/05\/IMG_0086-1-768x512.jpg 768w, https:\/\/stadio.ch\/wp-content\/uploads\/2025\/05\/IMG_0086-1-1536x1024.jpg 1536w, https:\/\/stadio.ch\/wp-content\/uploads\/2025\/05\/IMG_0086-1-2048x1365.jpg 2048w, https:\/\/stadio.ch\/wp-content\/uploads\/2025\/05\/IMG_0086-1-750x500.jpg 750w\" sizes=\"auto, (max-width: 1024px) 100vw, 1024px\" \/><figcaption class=\"wp-element-caption\"><br><\/figcaption><\/figure>\n<\/div>\n\n<div class=\"wp-block-image\">\n<figure class=\"alignleft size-large is-resized\"><img loading=\"lazy\" decoding=\"async\" width=\"1024\" height=\"683\" src=\"https:\/\/stadio.ch\/wp-content\/uploads\/2025\/05\/IMG_0093-3-1024x683.jpg\" alt=\"\" class=\"wp-image-587\" style=\"width:1024px\" srcset=\"https:\/\/stadio.ch\/wp-content\/uploads\/2025\/05\/IMG_0093-3-1024x683.jpg 1024w, https:\/\/stadio.ch\/wp-content\/uploads\/2025\/05\/IMG_0093-3-300x200.jpg 300w, https:\/\/stadio.ch\/wp-content\/uploads\/2025\/05\/IMG_0093-3-768x512.jpg 768w, https:\/\/stadio.ch\/wp-content\/uploads\/2025\/05\/IMG_0093-3-1536x1024.jpg 1536w, https:\/\/stadio.ch\/wp-content\/uploads\/2025\/05\/IMG_0093-3-2048x1365.jpg 2048w, https:\/\/stadio.ch\/wp-content\/uploads\/2025\/05\/IMG_0093-3-750x500.jpg 750w\" sizes=\"auto, (max-width: 1024px) 100vw, 1024px\" \/><figcaption class=\"wp-element-caption\"><br><\/figcaption><\/figure>\n<\/div>\n\n<div class=\"wp-block-image\">\n<figure class=\"alignleft size-large is-resized\"><img loading=\"lazy\" decoding=\"async\" width=\"1024\" height=\"682\" src=\"https:\/\/stadio.ch\/wp-content\/uploads\/2025\/05\/IMG_0096-1-1024x682.jpg\" alt=\"\" class=\"wp-image-589\" style=\"width:1024px\" srcset=\"https:\/\/stadio.ch\/wp-content\/uploads\/2025\/05\/IMG_0096-1-1024x682.jpg 1024w, https:\/\/stadio.ch\/wp-content\/uploads\/2025\/05\/IMG_0096-1-300x200.jpg 300w, https:\/\/stadio.ch\/wp-content\/uploads\/2025\/05\/IMG_0096-1-768x512.jpg 768w, https:\/\/stadio.ch\/wp-content\/uploads\/2025\/05\/IMG_0096-1-1536x1024.jpg 1536w, https:\/\/stadio.ch\/wp-content\/uploads\/2025\/05\/IMG_0096-1-2048x1365.jpg 2048w, https:\/\/stadio.ch\/wp-content\/uploads\/2025\/05\/IMG_0096-1-750x500.jpg 750w\" sizes=\"auto, (max-width: 1024px) 100vw, 1024px\" \/><figcaption class=\"wp-element-caption\"><br><\/figcaption><\/figure>\n<\/div>\n\n<div class=\"wp-block-image\">\n<figure class=\"alignleft size-large is-resized\"><img loading=\"lazy\" decoding=\"async\" width=\"1024\" height=\"683\" src=\"https:\/\/stadio.ch\/wp-content\/uploads\/2025\/05\/IMG_0117-1-1024x683.jpg\" alt=\"\" class=\"wp-image-590\" style=\"width:1024px\" srcset=\"https:\/\/stadio.ch\/wp-content\/uploads\/2025\/05\/IMG_0117-1-1024x683.jpg 1024w, https:\/\/stadio.ch\/wp-content\/uploads\/2025\/05\/IMG_0117-1-300x200.jpg 300w, https:\/\/stadio.ch\/wp-content\/uploads\/2025\/05\/IMG_0117-1-768x512.jpg 768w, https:\/\/stadio.ch\/wp-content\/uploads\/2025\/05\/IMG_0117-1-1536x1024.jpg 1536w, https:\/\/stadio.ch\/wp-content\/uploads\/2025\/05\/IMG_0117-1-2048x1365.jpg 2048w, https:\/\/stadio.ch\/wp-content\/uploads\/2025\/05\/IMG_0117-1-750x500.jpg 750w\" sizes=\"auto, (max-width: 1024px) 100vw, 1024px\" \/><figcaption class=\"wp-element-caption\"><br><\/figcaption><\/figure>\n<\/div>\n\n<div class=\"wp-block-image\">\n<figure class=\"alignleft size-large is-resized\"><img loading=\"lazy\" decoding=\"async\" width=\"1024\" height=\"682\" src=\"https:\/\/stadio.ch\/wp-content\/uploads\/2025\/05\/IMG_0149-1-1024x682.jpg\" alt=\"\" class=\"wp-image-591\" style=\"width:1024px\" srcset=\"https:\/\/stadio.ch\/wp-content\/uploads\/2025\/05\/IMG_0149-1-1024x682.jpg 1024w, https:\/\/stadio.ch\/wp-content\/uploads\/2025\/05\/IMG_0149-1-300x200.jpg 300w, https:\/\/stadio.ch\/wp-content\/uploads\/2025\/05\/IMG_0149-1-768x512.jpg 768w, https:\/\/stadio.ch\/wp-content\/uploads\/2025\/05\/IMG_0149-1-1536x1024.jpg 1536w, https:\/\/stadio.ch\/wp-content\/uploads\/2025\/05\/IMG_0149-1-2048x1365.jpg 2048w, https:\/\/stadio.ch\/wp-content\/uploads\/2025\/05\/IMG_0149-1-750x500.jpg 750w\" sizes=\"auto, (max-width: 1024px) 100vw, 1024px\" \/><figcaption class=\"wp-element-caption\"><br><\/figcaption><\/figure>\n<\/div>\n\n<div class=\"wp-block-image\">\n<figure class=\"alignleft size-large is-resized\"><img loading=\"lazy\" decoding=\"async\" width=\"1024\" height=\"683\" src=\"https:\/\/stadio.ch\/wp-content\/uploads\/2025\/05\/IMG_0156-1-1024x683.jpg\" alt=\"\" class=\"wp-image-592\" style=\"width:1024px\" srcset=\"https:\/\/stadio.ch\/wp-content\/uploads\/2025\/05\/IMG_0156-1-1024x683.jpg 1024w, https:\/\/stadio.ch\/wp-content\/uploads\/2025\/05\/IMG_0156-1-300x200.jpg 300w, https:\/\/stadio.ch\/wp-content\/uploads\/2025\/05\/IMG_0156-1-768x512.jpg 768w, https:\/\/stadio.ch\/wp-content\/uploads\/2025\/05\/IMG_0156-1-1536x1024.jpg 1536w, https:\/\/stadio.ch\/wp-content\/uploads\/2025\/05\/IMG_0156-1-2048x1365.jpg 2048w, https:\/\/stadio.ch\/wp-content\/uploads\/2025\/05\/IMG_0156-1-750x500.jpg 750w\" sizes=\"auto, (max-width: 1024px) 100vw, 1024px\" \/><figcaption class=\"wp-element-caption\"><br><\/figcaption><\/figure>\n<\/div>\n\n<div class=\"wp-block-image\">\n<figure class=\"alignleft size-large is-resized\"><img loading=\"lazy\" decoding=\"async\" width=\"1024\" height=\"683\" src=\"https:\/\/stadio.ch\/wp-content\/uploads\/2025\/05\/IMG_0160-1-1024x683.jpg\" alt=\"\" class=\"wp-image-593\" style=\"width:1024px\" srcset=\"https:\/\/stadio.ch\/wp-content\/uploads\/2025\/05\/IMG_0160-1-1024x683.jpg 1024w, https:\/\/stadio.ch\/wp-content\/uploads\/2025\/05\/IMG_0160-1-300x200.jpg 300w, https:\/\/stadio.ch\/wp-content\/uploads\/2025\/05\/IMG_0160-1-768x512.jpg 768w, https:\/\/stadio.ch\/wp-content\/uploads\/2025\/05\/IMG_0160-1-1536x1024.jpg 1536w, https:\/\/stadio.ch\/wp-content\/uploads\/2025\/05\/IMG_0160-1-2048x1365.jpg 2048w, https:\/\/stadio.ch\/wp-content\/uploads\/2025\/05\/IMG_0160-1-750x500.jpg 750w\" sizes=\"auto, (max-width: 1024px) 100vw, 1024px\" \/><figcaption class=\"wp-element-caption\"><br><\/figcaption><\/figure>\n<\/div>\n\n<div class=\"wp-block-image\">\n<figure class=\"alignleft size-large is-resized\"><img loading=\"lazy\" decoding=\"async\" width=\"1024\" height=\"683\" src=\"https:\/\/stadio.ch\/wp-content\/uploads\/2025\/05\/IMG_0168-1-1024x683.jpg\" alt=\"\" class=\"wp-image-594\" style=\"width:1024px\" srcset=\"https:\/\/stadio.ch\/wp-content\/uploads\/2025\/05\/IMG_0168-1-1024x683.jpg 1024w, https:\/\/stadio.ch\/wp-content\/uploads\/2025\/05\/IMG_0168-1-300x200.jpg 300w, https:\/\/stadio.ch\/wp-content\/uploads\/2025\/05\/IMG_0168-1-768x512.jpg 768w, https:\/\/stadio.ch\/wp-content\/uploads\/2025\/05\/IMG_0168-1-1536x1024.jpg 1536w, https:\/\/stadio.ch\/wp-content\/uploads\/2025\/05\/IMG_0168-1-2048x1365.jpg 2048w, https:\/\/stadio.ch\/wp-content\/uploads\/2025\/05\/IMG_0168-1-750x500.jpg 750w\" sizes=\"auto, (max-width: 1024px) 100vw, 1024px\" \/><figcaption class=\"wp-element-caption\"><br><\/figcaption><\/figure>\n<\/div>\n\n<div class=\"wp-block-image\">\n<figure class=\"alignleft size-large is-resized\"><img loading=\"lazy\" decoding=\"async\" width=\"1024\" height=\"683\" src=\"https:\/\/stadio.ch\/wp-content\/uploads\/2025\/05\/IMG_0176-1-1024x683.jpg\" alt=\"\" class=\"wp-image-595\" style=\"width:1024px\" srcset=\"https:\/\/stadio.ch\/wp-content\/uploads\/2025\/05\/IMG_0176-1-1024x683.jpg 1024w, https:\/\/stadio.ch\/wp-content\/uploads\/2025\/05\/IMG_0176-1-300x200.jpg 300w, https:\/\/stadio.ch\/wp-content\/uploads\/2025\/05\/IMG_0176-1-768x512.jpg 768w, https:\/\/stadio.ch\/wp-content\/uploads\/2025\/05\/IMG_0176-1-1536x1024.jpg 1536w, https:\/\/stadio.ch\/wp-content\/uploads\/2025\/05\/IMG_0176-1-2048x1365.jpg 2048w, https:\/\/stadio.ch\/wp-content\/uploads\/2025\/05\/IMG_0176-1-750x500.jpg 750w\" sizes=\"auto, (max-width: 1024px) 100vw, 1024px\" \/><figcaption class=\"wp-element-caption\"><br><\/figcaption><\/figure>\n<\/div>\n\n\n<p class=\"has-small-font-size\"><\/p>\n","protected":false},"excerpt":{"rendered":"<p>23.04.2017 &#8211; 07.05.2017 Daniel Ruggiero and guests: Pierre Belo\u00fcin, Alexandre Bianchini, Sonia Bi\u00e9try, J\u00e9r\u00e9my Chevalier, Grandmarquis, Alexandre Joly, Luc Mattenberger, MR, Vlad Nikkila, Fr\u00e9d\u00e9ric Post, Christian Robert-Tissot, Peter Schreuder, Swann Thommen, Nicolas Wagni\u00e8res, Alain Weber, Centre d\u2019\u00e9dition contemporaine Gen\u00e8ve, Glassbox [&hellip;]<\/p>\n<div class=\"link-more\"><a href=\"https:\/\/stadio.ch\/index.php\/face-b\/#more-278\" class=\"more-link\">Continue reading &#10142; <span class=\"screen-reader-text\"><\/span><\/a><\/div>","protected":false},"author":1,"featured_media":0,"parent":0,"menu_order":0,"comment_status":"closed","ping_status":"closed","template":"","meta":{"footnotes":""},"class_list":["post-278","page","type-page","status-publish","hentry"],"_links":{"self":[{"href":"https:\/\/stadio.ch\/index.php\/wp-json\/wp\/v2\/pages\/278","targetHints":{"allow":["GET"]}}],"collection":[{"href":"https:\/\/stadio.ch\/index.php\/wp-json\/wp\/v2\/pages"}],"about":[{"href":"https:\/\/stadio.ch\/index.php\/wp-json\/wp\/v2\/types\/page"}],"author":[{"embeddable":true,"href":"https:\/\/stadio.ch\/index.php\/wp-json\/wp\/v2\/users\/1"}],"replies":[{"embeddable":true,"href":"https:\/\/stadio.ch\/index.php\/wp-json\/wp\/v2\/comments?post=278"}],"version-history":[{"count":5,"href":"https:\/\/stadio.ch\/index.php\/wp-json\/wp\/v2\/pages\/278\/revisions"}],"predecessor-version":[{"id":598,"href":"https:\/\/stadio.ch\/index.php\/wp-json\/wp\/v2\/pages\/278\/revisions\/598"}],"wp:attachment":[{"href":"https:\/\/stadio.ch\/index.php\/wp-json\/wp\/v2\/media?parent=278"}],"curies":[{"name":"wp","href":"https:\/\/api.w.org\/{rel}","templated":true}]}}